{"id":1329,"date":"2020-12-13T23:48:44","date_gmt":"2020-12-14T02:48:44","guid":{"rendered":"https:\/\/benveragency.com.br\/wpelementorb\/?page_id=1329"},"modified":"2022-04-03T18:39:53","modified_gmt":"2022-04-03T21:39:53","slug":"error-404","status":"publish","type":"page","link":"https:\/\/benveragency.com.br\/wpelementorb\/error-404\/","title":{"rendered":"Error 404"},"content":{"rendered":"\t\t<div data-elementor-type=\"wp-page\" data-elementor-id=\"1329\" class=\"elementor elementor-1329\" data-elementor-post-type=\"page\">\n\t\t\t\t\t\t<section class=\"elementor-section elementor-top-section elementor-element elementor-element-1034a49 elementor-section-boxed elementor-section-height-default elementor-section-height-default\" data-id=\"1034a49\" data-element_type=\"section\">\n\t\t\t\t\t\t<div class=\"elementor-container elementor-column-gap-no\">\n\t\t\t\t\t<div class=\"elementor-column elementor-col-100 elementor-top-column elementor-element elementor-element-b1d03bc\" data-id=\"b1d03bc\" data-element_type=\"column\">\n\t\t\t<div class=\"elementor-widget-wrap elementor-element-populated\">\n\t\t\t\t\t\t<div class=\"elementor-element elementor-element-77da4df elementor-widget elementor-widget-heading\" data-id=\"77da4df\" data-element_type=\"widget\" data-widget_type=\"heading.default\">\n\t\t\t\t<div class=\"elementor-widget-container\">\n\t\t\t\t\t<h2 class=\"elementor-heading-title elementor-size-default\">Oooops!<\/h2>\t\t\t\t<\/div>\n\t\t\t\t<\/div>\n\t\t\t\t<div class=\"elementor-element elementor-element-96aa792 elementor-widget elementor-widget-text-editor\" data-id=\"96aa792\" data-element_type=\"widget\" data-widget_type=\"text-editor.default\">\n\t\t\t\t<div class=\"elementor-widget-container\">\n\t\t\t\t\t\t\t\t\t<p>Voc\u00ea tentou acessar uma p\u00e1gina ou um conte\u00fado que n\u00e3o existe ou foi removido. Use o menu para continuar navegando ou fa\u00e7a uma pesquisa:\u00a0<\/p>\t\t\t\t\t\t\t\t<\/div>\n\t\t\t\t<\/div>\n\t\t\t\t\t<\/div>\n\t\t<\/div>\n\t\t\t\t\t<\/div>\n\t\t<\/section>\n\t\t\t\t<\/div>\n\t\t","protected":false},"excerpt":{"rendered":"<p>Oooops! Voc\u00ea tentou acessar uma p\u00e1gina ou um conte\u00fado que n\u00e3o existe ou foi removido. Use o menu para continuar navegando ou fa\u00e7a uma pesquisa:\u00a0<\/p>\n","protected":false},"author":3,"featured_media":0,"parent":0,"menu_order":7,"comment_status":"closed","ping_status":"closed","template":"elementor_header_footer","meta":{"footnotes":""},"class_list":["post-1329","page","type-page","status-publish","hentry"],"yoast_head":"<!-- This site is optimized with the Yoast SEO plugin v24.9 - https:\/\/yoast.com\/wordpress\/plugins\/seo\/ -->\n<title>Error 404 - Theme Elementor B<\/title>\n<meta name=\"robots\" content=\"index, follow, max-snippet:-1, max-image-preview:large, max-video-preview:-1\" \/>\n<link rel=\"canonical\" href=\"https:\/\/benveragency.com.br\/wpelementorb\/error-404\/\" \/>\n<meta property=\"og:locale\" content=\"pt_BR\" \/>\n<meta property=\"og:type\" content=\"article\" \/>\n<meta property=\"og:title\" content=\"Error 404 - Theme Elementor B\" \/>\n<meta property=\"og:description\" content=\"Oooops! Voc\u00ea tentou acessar uma p\u00e1gina ou um conte\u00fado que n\u00e3o existe ou foi removido. Use o menu para continuar navegando ou fa\u00e7a uma pesquisa:\u00a0\" \/>\n<meta property=\"og:url\" content=\"https:\/\/benveragency.com.br\/wpelementorb\/error-404\/\" \/>\n<meta property=\"og:site_name\" content=\"Theme Elementor B\" \/>\n<meta property=\"article:publisher\" content=\"https:\/\/facebook.com\/benveragency\" \/>\n<meta property=\"article:modified_time\" content=\"2022-04-03T21:39:53+00:00\" \/>\n<meta name=\"twitter:card\" content=\"summary_large_image\" \/>\n<script type=\"application\/ld+json\" class=\"yoast-schema-graph\">{\"@context\":\"https:\/\/schema.org\",\"@graph\":[{\"@type\":\"Article\",\"@id\":\"https:\/\/benveragency.com.br\/wpelementorb\/error-404\/#article\",\"isPartOf\":{\"@id\":\"https:\/\/benveragency.com.br\/wpelementorb\/error-404\/\"},\"author\":{\"name\":\"Benver Agency\",\"@id\":\"https:\/\/benveragency.com.br\/wpelementorb\/#\/schema\/person\/1dbc8fedc02601d0f23c94bfd424f905\"},\"headline\":\"Error 404\",\"datePublished\":\"2020-12-14T02:48:44+00:00\",\"dateModified\":\"2022-04-03T21:39:53+00:00\",\"mainEntityOfPage\":{\"@id\":\"https:\/\/benveragency.com.br\/wpelementorb\/error-404\/\"},\"wordCount\":30,\"publisher\":{\"@id\":\"https:\/\/benveragency.com.br\/wpelementorb\/#organization\"},\"inLanguage\":\"pt-BR\"},{\"@type\":\"WebPage\",\"@id\":\"https:\/\/benveragency.com.br\/wpelementorb\/error-404\/\",\"url\":\"https:\/\/benveragency.com.br\/wpelementorb\/error-404\/\",\"name\":\"Error 404 - Theme Elementor B\",\"isPartOf\":{\"@id\":\"https:\/\/benveragency.com.br\/wpelementorb\/#website\"},\"datePublished\":\"2020-12-14T02:48:44+00:00\",\"dateModified\":\"2022-04-03T21:39:53+00:00\",\"breadcrumb\":{\"@id\":\"https:\/\/benveragency.com.br\/wpelementorb\/error-404\/#breadcrumb\"},\"inLanguage\":\"pt-BR\",\"potentialAction\":[{\"@type\":\"ReadAction\",\"target\":[\"https:\/\/benveragency.com.br\/wpelementorb\/error-404\/\"]}]},{\"@type\":\"BreadcrumbList\",\"@id\":\"https:\/\/benveragency.com.br\/wpelementorb\/error-404\/#breadcrumb\",\"itemListElement\":[{\"@type\":\"ListItem\",\"position\":1,\"name\":\"In\u00edcio\",\"item\":\"https:\/\/benveragency.com.br\/wpelementorb\/\"},{\"@type\":\"ListItem\",\"position\":2,\"name\":\"Error 404\"}]},{\"@type\":\"WebSite\",\"@id\":\"https:\/\/benveragency.com.br\/wpelementorb\/#website\",\"url\":\"https:\/\/benveragency.com.br\/wpelementorb\/\",\"name\":\"Theme Elementor B\",\"description\":\"Thema padr\u00e3o da Benver Agency\",\"publisher\":{\"@id\":\"https:\/\/benveragency.com.br\/wpelementorb\/#organization\"},\"potentialAction\":[{\"@type\":\"SearchAction\",\"target\":{\"@type\":\"EntryPoint\",\"urlTemplate\":\"https:\/\/benveragency.com.br\/wpelementorb\/?s={search_term_string}\"},\"query-input\":{\"@type\":\"PropertyValueSpecification\",\"valueRequired\":true,\"valueName\":\"search_term_string\"}}],\"inLanguage\":\"pt-BR\"},{\"@type\":\"Organization\",\"@id\":\"https:\/\/benveragency.com.br\/wpelementorb\/#organization\",\"name\":\"Benver Agency\",\"url\":\"https:\/\/benveragency.com.br\/wpelementorb\/\",\"logo\":{\"@type\":\"ImageObject\",\"inLanguage\":\"pt-BR\",\"@id\":\"https:\/\/benveragency.com.br\/wpelementorb\/#\/schema\/logo\/image\/\",\"url\":\"\",\"contentUrl\":\"\",\"caption\":\"Benver Agency\"},\"image\":{\"@id\":\"https:\/\/benveragency.com.br\/wpelementorb\/#\/schema\/logo\/image\/\"},\"sameAs\":[\"https:\/\/facebook.com\/benveragency\",\"https:\/\/instagram.com\/benveragency\"]},{\"@type\":\"Person\",\"@id\":\"https:\/\/benveragency.com.br\/wpelementorb\/#\/schema\/person\/1dbc8fedc02601d0f23c94bfd424f905\",\"name\":\"Benver Agency\",\"image\":{\"@type\":\"ImageObject\",\"inLanguage\":\"pt-BR\",\"@id\":\"https:\/\/benveragency.com.br\/wpelementorb\/#\/schema\/person\/image\/\",\"url\":\"https:\/\/secure.gravatar.com\/avatar\/f7a69b4db9098e3ec54f2bc4da030dc699ffa6a4827f18744baf409582945650?s=96&d=mm&r=g\",\"contentUrl\":\"https:\/\/secure.gravatar.com\/avatar\/f7a69b4db9098e3ec54f2bc4da030dc699ffa6a4827f18744baf409582945650?s=96&d=mm&r=g\",\"caption\":\"Benver Agency\"},\"sameAs\":[\"https:\/\/www.benveragency.com.br\"],\"url\":\"https:\/\/benveragency.com.br\/wpelementorb\/author\/benver\/\"}]}<\/script>\n<!-- \/ Yoast SEO plugin. -->","yoast_head_json":{"title":"Error 404 - Theme Elementor B","robots":{"index":"index","follow":"follow","max-snippet":"max-snippet:-1","max-image-preview":"max-image-preview:large","max-video-preview":"max-video-preview:-1"},"canonical":"https:\/\/benveragency.com.br\/wpelementorb\/error-404\/","og_locale":"pt_BR","og_type":"article","og_title":"Error 404 - Theme Elementor B","og_description":"Oooops! Voc\u00ea tentou acessar uma p\u00e1gina ou um conte\u00fado que n\u00e3o existe ou foi removido. Use o menu para continuar navegando ou fa\u00e7a uma pesquisa:\u00a0","og_url":"https:\/\/benveragency.com.br\/wpelementorb\/error-404\/","og_site_name":"Theme Elementor B","article_publisher":"https:\/\/facebook.com\/benveragency","article_modified_time":"2022-04-03T21:39:53+00:00","twitter_card":"summary_large_image","schema":{"@context":"https:\/\/schema.org","@graph":[{"@type":"Article","@id":"https:\/\/benveragency.com.br\/wpelementorb\/error-404\/#article","isPartOf":{"@id":"https:\/\/benveragency.com.br\/wpelementorb\/error-404\/"},"author":{"name":"Benver Agency","@id":"https:\/\/benveragency.com.br\/wpelementorb\/#\/schema\/person\/1dbc8fedc02601d0f23c94bfd424f905"},"headline":"Error 404","datePublished":"2020-12-14T02:48:44+00:00","dateModified":"2022-04-03T21:39:53+00:00","mainEntityOfPage":{"@id":"https:\/\/benveragency.com.br\/wpelementorb\/error-404\/"},"wordCount":30,"publisher":{"@id":"https:\/\/benveragency.com.br\/wpelementorb\/#organization"},"inLanguage":"pt-BR"},{"@type":"WebPage","@id":"https:\/\/benveragency.com.br\/wpelementorb\/error-404\/","url":"https:\/\/benveragency.com.br\/wpelementorb\/error-404\/","name":"Error 404 - Theme Elementor B","isPartOf":{"@id":"https:\/\/benveragency.com.br\/wpelementorb\/#website"},"datePublished":"2020-12-14T02:48:44+00:00","dateModified":"2022-04-03T21:39:53+00:00","breadcrumb":{"@id":"https:\/\/benveragency.com.br\/wpelementorb\/error-404\/#breadcrumb"},"inLanguage":"pt-BR","potentialAction":[{"@type":"ReadAction","target":["https:\/\/benveragency.com.br\/wpelementorb\/error-404\/"]}]},{"@type":"BreadcrumbList","@id":"https:\/\/benveragency.com.br\/wpelementorb\/error-404\/#breadcrumb","itemListElement":[{"@type":"ListItem","position":1,"name":"In\u00edcio","item":"https:\/\/benveragency.com.br\/wpelementorb\/"},{"@type":"ListItem","position":2,"name":"Error 404"}]},{"@type":"WebSite","@id":"https:\/\/benveragency.com.br\/wpelementorb\/#website","url":"https:\/\/benveragency.com.br\/wpelementorb\/","name":"Theme Elementor B","description":"Thema padr\u00e3o da Benver Agency","publisher":{"@id":"https:\/\/benveragency.com.br\/wpelementorb\/#organization"},"potentialAction":[{"@type":"SearchAction","target":{"@type":"EntryPoint","urlTemplate":"https:\/\/benveragency.com.br\/wpelementorb\/?s={search_term_string}"},"query-input":{"@type":"PropertyValueSpecification","valueRequired":true,"valueName":"search_term_string"}}],"inLanguage":"pt-BR"},{"@type":"Organization","@id":"https:\/\/benveragency.com.br\/wpelementorb\/#organization","name":"Benver Agency","url":"https:\/\/benveragency.com.br\/wpelementorb\/","logo":{"@type":"ImageObject","inLanguage":"pt-BR","@id":"https:\/\/benveragency.com.br\/wpelementorb\/#\/schema\/logo\/image\/","url":"","contentUrl":"","caption":"Benver Agency"},"image":{"@id":"https:\/\/benveragency.com.br\/wpelementorb\/#\/schema\/logo\/image\/"},"sameAs":["https:\/\/facebook.com\/benveragency","https:\/\/instagram.com\/benveragency"]},{"@type":"Person","@id":"https:\/\/benveragency.com.br\/wpelementorb\/#\/schema\/person\/1dbc8fedc02601d0f23c94bfd424f905","name":"Benver Agency","image":{"@type":"ImageObject","inLanguage":"pt-BR","@id":"https:\/\/benveragency.com.br\/wpelementorb\/#\/schema\/person\/image\/","url":"https:\/\/secure.gravatar.com\/avatar\/f7a69b4db9098e3ec54f2bc4da030dc699ffa6a4827f18744baf409582945650?s=96&d=mm&r=g","contentUrl":"https:\/\/secure.gravatar.com\/avatar\/f7a69b4db9098e3ec54f2bc4da030dc699ffa6a4827f18744baf409582945650?s=96&d=mm&r=g","caption":"Benver Agency"},"sameAs":["https:\/\/www.benveragency.com.br"],"url":"https:\/\/benveragency.com.br\/wpelementorb\/author\/benver\/"}]}},"_links":{"self":[{"href":"https:\/\/benveragency.com.br\/wpelementorb\/wp-json\/wp\/v2\/pages\/1329","targetHints":{"allow":["GET"]}}],"collection":[{"href":"https:\/\/benveragency.com.br\/wpelementorb\/wp-json\/wp\/v2\/pages"}],"about":[{"href":"https:\/\/benveragency.com.br\/wpelementorb\/wp-json\/wp\/v2\/types\/page"}],"author":[{"embeddable":true,"href":"https:\/\/benveragency.com.br\/wpelementorb\/wp-json\/wp\/v2\/users\/3"}],"replies":[{"embeddable":true,"href":"https:\/\/benveragency.com.br\/wpelementorb\/wp-json\/wp\/v2\/comments?post=1329"}],"version-history":[{"count":36,"href":"https:\/\/benveragency.com.br\/wpelementorb\/wp-json\/wp\/v2\/pages\/1329\/revisions"}],"predecessor-version":[{"id":2381,"href":"https:\/\/benveragency.com.br\/wpelementorb\/wp-json\/wp\/v2\/pages\/1329\/revisions\/2381"}],"wp:attachment":[{"href":"https:\/\/benveragency.com.br\/wpelementorb\/wp-json\/wp\/v2\/media?parent=1329"}],"curies":[{"name":"wp","href":"https:\/\/api.w.org\/{rel}","templated":true}]}}