{"id":3021,"date":"2024-06-23T17:30:58","date_gmt":"2024-06-23T20:30:58","guid":{"rendered":"https:\/\/benveragency.com.br\/wpelementorb\/?page_id=3021"},"modified":"2024-06-23T18:15:51","modified_gmt":"2024-06-23T21:15:51","slug":"confirma-clima","status":"publish","type":"page","link":"https:\/\/benveragency.com.br\/wpelementorb\/confirma-clima\/","title":{"rendered":"Climatiza\u00e7\u00e3o: Acelere seu Servi\u00e7o"},"content":{"rendered":"\t\t<div data-elementor-type=\"wp-page\" data-elementor-id=\"3021\" class=\"elementor elementor-3021\" data-elementor-post-type=\"page\">\n\t\t\t\t\t\t<section class=\"elementor-section elementor-top-section elementor-element elementor-element-1b83f710 elementor-section-height-full elementor-section-boxed elementor-section-height-default elementor-section-items-middle\" data-id=\"1b83f710\" data-element_type=\"section\">\n\t\t\t\t\t\t\t<div class=\"elementor-background-overlay\"><\/div>\n\t\t\t\t\t\t\t<div class=\"elementor-container elementor-column-gap-default\">\n\t\t\t\t\t<div class=\"elementor-column elementor-col-100 elementor-top-column elementor-element elementor-element-35723817\" data-id=\"35723817\" data-element_type=\"column\">\n\t\t\t<div class=\"elementor-widget-wrap elementor-element-populated\">\n\t\t\t\t\t\t<div class=\"elementor-element elementor-element-5e5f25f1 elementor-widget elementor-widget-theme-site-logo elementor-widget-image\" data-id=\"5e5f25f1\" data-element_type=\"widget\" data-widget_type=\"theme-site-logo.default\">\n\t\t\t\t<div class=\"elementor-widget-container\">\n\t\t\t\t\t\t\t\t\t\t\t<a href=\"https:\/\/benveragency.com.br\/wpelementorb\">\n\t\t\t<img decoding=\"async\" width=\"350\" height=\"100\" src=\"https:\/\/benveragency.com.br\/wpelementorb\/wp-content\/uploads\/2022\/04\/cropped-theme-elementor-b-logo-site.png\" class=\"attachment-full size-full wp-image-2300\" alt=\"\" srcset=\"https:\/\/benveragency.com.br\/wpelementorb\/wp-content\/uploads\/2022\/04\/cropped-theme-elementor-b-logo-site.png 350w, https:\/\/benveragency.com.br\/wpelementorb\/wp-content\/uploads\/2022\/04\/cropped-theme-elementor-b-logo-site-300x86.png 300w\" sizes=\"(max-width: 350px) 100vw, 350px\" \/>\t\t\t\t<\/a>\n\t\t\t\t\t\t\t\t\t\t\t<\/div>\n\t\t\t\t<\/div>\n\t\t\t\t<div class=\"elementor-element elementor-element-3c3e326b elementor-widget elementor-widget-heading\" data-id=\"3c3e326b\" data-element_type=\"widget\" data-widget_type=\"heading.default\">\n\t\t\t\t<div class=\"elementor-widget-container\">\n\t\t\t\t\t<h2 class=\"elementor-heading-title elementor-size-default\">Que bom ter voc\u00ea conosco!<\/h2>\t\t\t\t<\/div>\n\t\t\t\t<\/div>\n\t\t\t\t<div class=\"elementor-element elementor-element-382bf7f6 elementor-widget elementor-widget-text-editor\" data-id=\"382bf7f6\" data-element_type=\"widget\" data-widget_type=\"text-editor.default\">\n\t\t\t\t<div class=\"elementor-widget-container\">\n\t\t\t\t\t\t\t\t\t<p>Clique abaixo para falar com nossos especialistas no Whatsapp e j\u00e1 enviar os detalhes de sua necessidade.<\/p>\t\t\t\t\t\t\t\t<\/div>\n\t\t\t\t<\/div>\n\t\t\t\t<div class=\"elementor-element elementor-element-51f3066b elementor-widget elementor-widget-button\" data-id=\"51f3066b\" data-element_type=\"widget\" data-widget_type=\"button.default\">\n\t\t\t\t<div class=\"elementor-widget-container\">\n\t\t\t\t\t\t\t\t\t<div class=\"elementor-button-wrapper\">\n\t\t\t\t\t<a class=\"elementor-button elementor-size-lg elementor-animation-shrink\" role=\"button\">\n\t\t\t\t\t\t<span class=\"elementor-button-content-wrapper\">\n\t\t\t\t\t\t<span class=\"elementor-button-icon\">\n\t\t\t\t<svg aria-hidden=\"true\" class=\"e-font-icon-svg e-fab-whatsapp\" viewBox=\"0 0 448 512\" xmlns=\"http:\/\/www.w3.org\/2000\/svg\"><path d=\"M380.9 97.1C339 55.1 283.2 32 223.9 32c-122.4 0-222 99.6-222 222 0 39.1 10.2 77.3 29.6 111L0 480l117.7-30.9c32.4 17.7 68.9 27 106.1 27h.1c122.3 0 224.1-99.6 224.1-222 0-59.3-25.2-115-67.1-157zm-157 341.6c-33.2 0-65.7-8.9-94-25.7l-6.7-4-69.8 18.3L72 359.2l-4.4-7c-18.5-29.4-28.2-63.3-28.2-98.2 0-101.7 82.8-184.5 184.6-184.5 49.3 0 95.6 19.2 130.4 54.1 34.8 34.9 56.2 81.2 56.1 130.5 0 101.8-84.9 184.6-186.6 184.6zm101.2-138.2c-5.5-2.8-32.8-16.2-37.9-18-5.1-1.9-8.8-2.8-12.5 2.8-3.7 5.6-14.3 18-17.6 21.8-3.2 3.7-6.5 4.2-12 1.4-32.6-16.3-54-29.1-75.5-66-5.7-9.8 5.7-9.1 16.3-30.3 1.8-3.7.9-6.9-.5-9.7-1.4-2.8-12.5-30.1-17.1-41.2-4.5-10.8-9.1-9.3-12.5-9.5-3.2-.2-6.9-.2-10.6-.2-3.7 0-9.7 1.4-14.8 6.9-5.1 5.6-19.4 19-19.4 46.3 0 27.3 19.9 53.7 22.6 57.4 2.8 3.7 39.1 59.7 94.8 83.8 35.2 15.2 49 16.5 66.6 13.9 10.7-1.6 32.8-13.4 37.4-26.4 4.6-13 4.6-24.1 3.2-26.4-1.3-2.5-5-3.9-10.5-6.6z\"><\/path><\/svg>\t\t\t<\/span>\n\t\t\t\t\t\t\t\t\t<span class=\"elementor-button-text\">Iniciar conversa Agora!<\/span>\n\t\t\t\t\t<\/span>\n\t\t\t\t\t<\/a>\n\t\t\t\t<\/div>\n\t\t\t\t\t\t\t\t<\/div>\n\t\t\t\t<\/div>\n\t\t\t\t<div class=\"elementor-element elementor-element-464af295 elementor-widget elementor-widget-text-editor\" data-id=\"464af295\" data-element_type=\"widget\" data-widget_type=\"text-editor.default\">\n\t\t\t\t<div class=\"elementor-widget-container\">\n\t\t\t\t\t\t\t\t\t<p>Enviamos tamb\u00e9m um e-mail de confirma\u00e7\u00e3o de sua solicita\u00e7\u00e3o. N\u00e3o se esque\u00e7a de checar a caixa de spam, pode ser que chegue por l\u00e1!<\/p>\t\t\t\t\t\t\t\t<\/div>\n\t\t\t\t<\/div>\n\t\t\t\t<div class=\"elementor-element elementor-element-81aed56 elementor-widget elementor-widget-text-editor\" data-id=\"81aed56\" data-element_type=\"widget\" data-widget_type=\"text-editor.default\">\n\t\t\t\t<div class=\"elementor-widget-container\">\n\t\t\t\t\t\t\t\t\t<p>Hor\u00e1rio de funcionamento: Segunda a S\u00e1bado: de 08 \u00e0s 18h<\/p>\t\t\t\t\t\t\t\t<\/div>\n\t\t\t\t<\/div>\n\t\t\t\t\t<\/div>\n\t\t<\/div>\n\t\t\t\t\t<\/div>\n\t\t<\/section>\n\t\t\t\t<\/div>\n\t\t","protected":false},"excerpt":{"rendered":"<p>Que bom ter voc\u00ea conosco! Clique abaixo para falar com nossos especialistas no Whatsapp e j\u00e1 enviar os detalhes de sua necessidade. Iniciar conversa Agora! Enviamos tamb\u00e9m um e-mail de confirma\u00e7\u00e3o de sua solicita\u00e7\u00e3o. N\u00e3o se esque\u00e7a de checar a caixa de spam, pode ser que chegue por l\u00e1! Hor\u00e1rio de funcionamento: Segunda a S\u00e1bado: [&hellip;]<\/p>\n","protected":false},"author":3,"featured_media":0,"parent":0,"menu_order":206,"comment_status":"closed","ping_status":"closed","template":"elementor_canvas","meta":{"footnotes":""},"class_list":["post-3021","page","type-page","status-publish","hentry"],"yoast_head":"<!-- This site is optimized with the Yoast SEO plugin v24.9 - https:\/\/yoast.com\/wordpress\/plugins\/seo\/ -->\n<title>Climatiza\u00e7\u00e3o: Acelere seu Servi\u00e7o - Theme Elementor B<\/title>\n<meta name=\"robots\" content=\"index, follow, max-snippet:-1, max-image-preview:large, max-video-preview:-1\" \/>\n<link rel=\"canonical\" href=\"https:\/\/benveragency.com.br\/wpelementorb\/confirma-clima\/\" \/>\n<meta property=\"og:locale\" content=\"pt_BR\" \/>\n<meta property=\"og:type\" content=\"article\" \/>\n<meta property=\"og:title\" content=\"Climatiza\u00e7\u00e3o: Acelere seu Servi\u00e7o - Theme Elementor B\" \/>\n<meta property=\"og:description\" content=\"Que bom ter voc\u00ea conosco! Clique abaixo para falar com nossos especialistas no Whatsapp e j\u00e1 enviar os detalhes de sua necessidade. Iniciar conversa Agora! Enviamos tamb\u00e9m um e-mail de confirma\u00e7\u00e3o de sua solicita\u00e7\u00e3o. N\u00e3o se esque\u00e7a de checar a caixa de spam, pode ser que chegue por l\u00e1! Hor\u00e1rio de funcionamento: Segunda a S\u00e1bado: [&hellip;]\" \/>\n<meta property=\"og:url\" content=\"https:\/\/benveragency.com.br\/wpelementorb\/confirma-clima\/\" \/>\n<meta property=\"og:site_name\" content=\"Theme Elementor B\" \/>\n<meta property=\"article:publisher\" content=\"https:\/\/facebook.com\/benveragency\" \/>\n<meta property=\"article:modified_time\" content=\"2024-06-23T21:15:51+00:00\" \/>\n<meta name=\"twitter:card\" content=\"summary_large_image\" \/>\n<meta name=\"twitter:label1\" content=\"Est. tempo de leitura\" \/>\n\t<meta name=\"twitter:data1\" content=\"1 minuto\" \/>\n<script type=\"application\/ld+json\" class=\"yoast-schema-graph\">{\"@context\":\"https:\/\/schema.org\",\"@graph\":[{\"@type\":\"Article\",\"@id\":\"https:\/\/benveragency.com.br\/wpelementorb\/confirma-clima\/#article\",\"isPartOf\":{\"@id\":\"https:\/\/benveragency.com.br\/wpelementorb\/confirma-clima\/\"},\"author\":{\"name\":\"Benver Agency\",\"@id\":\"https:\/\/benveragency.com.br\/wpelementorb\/#\/schema\/person\/1dbc8fedc02601d0f23c94bfd424f905\"},\"headline\":\"Climatiza\u00e7\u00e3o: Acelere seu Servi\u00e7o\",\"datePublished\":\"2024-06-23T20:30:58+00:00\",\"dateModified\":\"2024-06-23T21:15:51+00:00\",\"mainEntityOfPage\":{\"@id\":\"https:\/\/benveragency.com.br\/wpelementorb\/confirma-clima\/\"},\"wordCount\":71,\"publisher\":{\"@id\":\"https:\/\/benveragency.com.br\/wpelementorb\/#organization\"},\"inLanguage\":\"pt-BR\"},{\"@type\":\"WebPage\",\"@id\":\"https:\/\/benveragency.com.br\/wpelementorb\/confirma-clima\/\",\"url\":\"https:\/\/benveragency.com.br\/wpelementorb\/confirma-clima\/\",\"name\":\"Climatiza\u00e7\u00e3o: Acelere seu Servi\u00e7o - Theme Elementor B\",\"isPartOf\":{\"@id\":\"https:\/\/benveragency.com.br\/wpelementorb\/#website\"},\"datePublished\":\"2024-06-23T20:30:58+00:00\",\"dateModified\":\"2024-06-23T21:15:51+00:00\",\"breadcrumb\":{\"@id\":\"https:\/\/benveragency.com.br\/wpelementorb\/confirma-clima\/#breadcrumb\"},\"inLanguage\":\"pt-BR\",\"potentialAction\":[{\"@type\":\"ReadAction\",\"target\":[\"https:\/\/benveragency.com.br\/wpelementorb\/confirma-clima\/\"]}]},{\"@type\":\"BreadcrumbList\",\"@id\":\"https:\/\/benveragency.com.br\/wpelementorb\/confirma-clima\/#breadcrumb\",\"itemListElement\":[{\"@type\":\"ListItem\",\"position\":1,\"name\":\"In\u00edcio\",\"item\":\"https:\/\/benveragency.com.br\/wpelementorb\/\"},{\"@type\":\"ListItem\",\"position\":2,\"name\":\"Climatiza\u00e7\u00e3o: Acelere seu Servi\u00e7o\"}]},{\"@type\":\"WebSite\",\"@id\":\"https:\/\/benveragency.com.br\/wpelementorb\/#website\",\"url\":\"https:\/\/benveragency.com.br\/wpelementorb\/\",\"name\":\"Theme Elementor B\",\"description\":\"Thema padr\u00e3o da Benver Agency\",\"publisher\":{\"@id\":\"https:\/\/benveragency.com.br\/wpelementorb\/#organization\"},\"potentialAction\":[{\"@type\":\"SearchAction\",\"target\":{\"@type\":\"EntryPoint\",\"urlTemplate\":\"https:\/\/benveragency.com.br\/wpelementorb\/?s={search_term_string}\"},\"query-input\":{\"@type\":\"PropertyValueSpecification\",\"valueRequired\":true,\"valueName\":\"search_term_string\"}}],\"inLanguage\":\"pt-BR\"},{\"@type\":\"Organization\",\"@id\":\"https:\/\/benveragency.com.br\/wpelementorb\/#organization\",\"name\":\"Benver Agency\",\"url\":\"https:\/\/benveragency.com.br\/wpelementorb\/\",\"logo\":{\"@type\":\"ImageObject\",\"inLanguage\":\"pt-BR\",\"@id\":\"https:\/\/benveragency.com.br\/wpelementorb\/#\/schema\/logo\/image\/\",\"url\":\"\",\"contentUrl\":\"\",\"caption\":\"Benver Agency\"},\"image\":{\"@id\":\"https:\/\/benveragency.com.br\/wpelementorb\/#\/schema\/logo\/image\/\"},\"sameAs\":[\"https:\/\/facebook.com\/benveragency\",\"https:\/\/instagram.com\/benveragency\"]},{\"@type\":\"Person\",\"@id\":\"https:\/\/benveragency.com.br\/wpelementorb\/#\/schema\/person\/1dbc8fedc02601d0f23c94bfd424f905\",\"name\":\"Benver Agency\",\"image\":{\"@type\":\"ImageObject\",\"inLanguage\":\"pt-BR\",\"@id\":\"https:\/\/benveragency.com.br\/wpelementorb\/#\/schema\/person\/image\/\",\"url\":\"https:\/\/secure.gravatar.com\/avatar\/f7a69b4db9098e3ec54f2bc4da030dc699ffa6a4827f18744baf409582945650?s=96&d=mm&r=g\",\"contentUrl\":\"https:\/\/secure.gravatar.com\/avatar\/f7a69b4db9098e3ec54f2bc4da030dc699ffa6a4827f18744baf409582945650?s=96&d=mm&r=g\",\"caption\":\"Benver Agency\"},\"sameAs\":[\"https:\/\/www.benveragency.com.br\"],\"url\":\"https:\/\/benveragency.com.br\/wpelementorb\/author\/benver\/\"}]}<\/script>\n<!-- \/ Yoast SEO plugin. -->","yoast_head_json":{"title":"Climatiza\u00e7\u00e3o: Acelere seu Servi\u00e7o - Theme Elementor B","robots":{"index":"index","follow":"follow","max-snippet":"max-snippet:-1","max-image-preview":"max-image-preview:large","max-video-preview":"max-video-preview:-1"},"canonical":"https:\/\/benveragency.com.br\/wpelementorb\/confirma-clima\/","og_locale":"pt_BR","og_type":"article","og_title":"Climatiza\u00e7\u00e3o: Acelere seu Servi\u00e7o - Theme Elementor B","og_description":"Que bom ter voc\u00ea conosco! Clique abaixo para falar com nossos especialistas no Whatsapp e j\u00e1 enviar os detalhes de sua necessidade. Iniciar conversa Agora! Enviamos tamb\u00e9m um e-mail de confirma\u00e7\u00e3o de sua solicita\u00e7\u00e3o. N\u00e3o se esque\u00e7a de checar a caixa de spam, pode ser que chegue por l\u00e1! Hor\u00e1rio de funcionamento: Segunda a S\u00e1bado: [&hellip;]","og_url":"https:\/\/benveragency.com.br\/wpelementorb\/confirma-clima\/","og_site_name":"Theme Elementor B","article_publisher":"https:\/\/facebook.com\/benveragency","article_modified_time":"2024-06-23T21:15:51+00:00","twitter_card":"summary_large_image","twitter_misc":{"Est. tempo de leitura":"1 minuto"},"schema":{"@context":"https:\/\/schema.org","@graph":[{"@type":"Article","@id":"https:\/\/benveragency.com.br\/wpelementorb\/confirma-clima\/#article","isPartOf":{"@id":"https:\/\/benveragency.com.br\/wpelementorb\/confirma-clima\/"},"author":{"name":"Benver Agency","@id":"https:\/\/benveragency.com.br\/wpelementorb\/#\/schema\/person\/1dbc8fedc02601d0f23c94bfd424f905"},"headline":"Climatiza\u00e7\u00e3o: Acelere seu Servi\u00e7o","datePublished":"2024-06-23T20:30:58+00:00","dateModified":"2024-06-23T21:15:51+00:00","mainEntityOfPage":{"@id":"https:\/\/benveragency.com.br\/wpelementorb\/confirma-clima\/"},"wordCount":71,"publisher":{"@id":"https:\/\/benveragency.com.br\/wpelementorb\/#organization"},"inLanguage":"pt-BR"},{"@type":"WebPage","@id":"https:\/\/benveragency.com.br\/wpelementorb\/confirma-clima\/","url":"https:\/\/benveragency.com.br\/wpelementorb\/confirma-clima\/","name":"Climatiza\u00e7\u00e3o: Acelere seu Servi\u00e7o - Theme Elementor B","isPartOf":{"@id":"https:\/\/benveragency.com.br\/wpelementorb\/#website"},"datePublished":"2024-06-23T20:30:58+00:00","dateModified":"2024-06-23T21:15:51+00:00","breadcrumb":{"@id":"https:\/\/benveragency.com.br\/wpelementorb\/confirma-clima\/#breadcrumb"},"inLanguage":"pt-BR","potentialAction":[{"@type":"ReadAction","target":["https:\/\/benveragency.com.br\/wpelementorb\/confirma-clima\/"]}]},{"@type":"BreadcrumbList","@id":"https:\/\/benveragency.com.br\/wpelementorb\/confirma-clima\/#breadcrumb","itemListElement":[{"@type":"ListItem","position":1,"name":"In\u00edcio","item":"https:\/\/benveragency.com.br\/wpelementorb\/"},{"@type":"ListItem","position":2,"name":"Climatiza\u00e7\u00e3o: Acelere seu Servi\u00e7o"}]},{"@type":"WebSite","@id":"https:\/\/benveragency.com.br\/wpelementorb\/#website","url":"https:\/\/benveragency.com.br\/wpelementorb\/","name":"Theme Elementor B","description":"Thema padr\u00e3o da Benver Agency","publisher":{"@id":"https:\/\/benveragency.com.br\/wpelementorb\/#organization"},"potentialAction":[{"@type":"SearchAction","target":{"@type":"EntryPoint","urlTemplate":"https:\/\/benveragency.com.br\/wpelementorb\/?s={search_term_string}"},"query-input":{"@type":"PropertyValueSpecification","valueRequired":true,"valueName":"search_term_string"}}],"inLanguage":"pt-BR"},{"@type":"Organization","@id":"https:\/\/benveragency.com.br\/wpelementorb\/#organization","name":"Benver Agency","url":"https:\/\/benveragency.com.br\/wpelementorb\/","logo":{"@type":"ImageObject","inLanguage":"pt-BR","@id":"https:\/\/benveragency.com.br\/wpelementorb\/#\/schema\/logo\/image\/","url":"","contentUrl":"","caption":"Benver Agency"},"image":{"@id":"https:\/\/benveragency.com.br\/wpelementorb\/#\/schema\/logo\/image\/"},"sameAs":["https:\/\/facebook.com\/benveragency","https:\/\/instagram.com\/benveragency"]},{"@type":"Person","@id":"https:\/\/benveragency.com.br\/wpelementorb\/#\/schema\/person\/1dbc8fedc02601d0f23c94bfd424f905","name":"Benver Agency","image":{"@type":"ImageObject","inLanguage":"pt-BR","@id":"https:\/\/benveragency.com.br\/wpelementorb\/#\/schema\/person\/image\/","url":"https:\/\/secure.gravatar.com\/avatar\/f7a69b4db9098e3ec54f2bc4da030dc699ffa6a4827f18744baf409582945650?s=96&d=mm&r=g","contentUrl":"https:\/\/secure.gravatar.com\/avatar\/f7a69b4db9098e3ec54f2bc4da030dc699ffa6a4827f18744baf409582945650?s=96&d=mm&r=g","caption":"Benver Agency"},"sameAs":["https:\/\/www.benveragency.com.br"],"url":"https:\/\/benveragency.com.br\/wpelementorb\/author\/benver\/"}]}},"_links":{"self":[{"href":"https:\/\/benveragency.com.br\/wpelementorb\/wp-json\/wp\/v2\/pages\/3021","targetHints":{"allow":["GET"]}}],"collection":[{"href":"https:\/\/benveragency.com.br\/wpelementorb\/wp-json\/wp\/v2\/pages"}],"about":[{"href":"https:\/\/benveragency.com.br\/wpelementorb\/wp-json\/wp\/v2\/types\/page"}],"author":[{"embeddable":true,"href":"https:\/\/benveragency.com.br\/wpelementorb\/wp-json\/wp\/v2\/users\/3"}],"replies":[{"embeddable":true,"href":"https:\/\/benveragency.com.br\/wpelementorb\/wp-json\/wp\/v2\/comments?post=3021"}],"version-history":[{"count":4,"href":"https:\/\/benveragency.com.br\/wpelementorb\/wp-json\/wp\/v2\/pages\/3021\/revisions"}],"predecessor-version":[{"id":3025,"href":"https:\/\/benveragency.com.br\/wpelementorb\/wp-json\/wp\/v2\/pages\/3021\/revisions\/3025"}],"wp:attachment":[{"href":"https:\/\/benveragency.com.br\/wpelementorb\/wp-json\/wp\/v2\/media?parent=3021"}],"curies":[{"name":"wp","href":"https:\/\/api.w.org\/{rel}","templated":true}]}}